{"id":33588,"date":"2025-07-29T05:21:22","date_gmt":"2025-07-29T05:21:22","guid":{"rendered":"https:\/\/toposuranos.com\/material\/?page_id=33588"},"modified":"2025-07-29T06:11:54","modified_gmt":"2025-07-29T06:11:54","slug":"mathematik-und-physik-kurse","status":"publish","type":"page","link":"https:\/\/toposuranos.com\/material\/de\/mathematik-und-physik-kurse\/","title":{"rendered":"Mathematik- und Physik-Kurse"},"content":{"rendered":"<style>\n        p {\n            max-width: 800px; \/* Passen Sie den Wert nach Wunsch an *\/\n            margin: 0 auto; \/* Zentriert den Absatz horizontal *\/\n            font-size: 20px;\n        }\n<\/style>\n<p><!DOCTYPE html> <html lang=\"de\"><head><meta charset=\"UTF-8\"><meta name=\"description\" content=\"Topos Uranos bietet kostenlose Online-Kurse in Mathematik und Physik, um Ihre F\u00e4higkeiten zu verbessern oder neue zu erwerben. Entdecken Sie unsere Kurse in Algebra, Geometrie und mehr.\"><meta name=\"keywords\" content=\"Kostenlose Kurse, Online-Mathematik, Online-Physik, Wissenschaftsbildung, Algebra, Geometrie\"><meta name=\"viewport\" content=\"width=device-width, initial-scale=1.0\"><title>Kostenlose Online-Kurse in Mathematik und Physik | Topos Uranos<\/title> <\/head><body><br \/>\n<code>TOPOSURANOS.COM\/MATERIAL<\/code><\/p>\n<p style=\"text-align:justify;\">\nBei <strong>Topos Uranos<\/strong> finden Sie eine Vielzahl von Kursen in Mathematik und Physik, die als Abfolgen von Unterrichtseinheiten organisiert sind und dazu dienen, Ihre F\u00e4higkeiten zu verbessern oder neue zu erwerben. Alle diese Kurse beinhalten schriftliche Unterlagen in LaTeX sowie erkl\u00e4rende Videos, auf die Sie kostenlos zugreifen k\u00f6nnen.\n<\/p>\n<p><center><\/p>\n<h2>ENTDECKEN SIE UNSERE KURSE<\/h2>\n<p><\/center><\/p>\n<p style=\"text-align:justify;\">\nJeder Kurs folgt einem Plan, der aus einer Abfolge von Unterrichtseinheiten besteht, die sich auf spezifische Lernziele konzentrieren. Egal ob Sie ein absoluter Anf\u00e4nger oder ein erfahrener Lernender auf der Suche nach einer Wiederholung sind \u2013 wir haben etwas f\u00fcr Sie.\n<\/p>\n<p><center><\/p>\n<hr>\n<div style=\"text-align:center\">\n<div class=\"cursos\">\n<h3>PHILOSOPHIE<\/h3>\n<\/div>\n<p><a href=\"https:\/\/toposuranos.com\/material\/de\/category\/philosophie-de\/aristotelische-logik\/\">ARISTOTELISCHE LOGIK<\/a>\n<\/div>\n<div style=\"text-align:center\">\n<div class=\"cursos\">\n<h3>MATHEMATIK-KURSE<\/h3>\n<\/div>\n<p><a href=\"https:\/\/toposuranos.com\/material\/de\/category\/mathematik\/algebra-und-geometrie\/\"rel=\"noopener\">ALGEBRA UND GEOMETRIE<\/a><br \/>\n<a href=\"https:\/\/toposuranos.com\/material\/de\/category\/mathematik\/mathematische-logik\/aussagenlogik\/\" rel=\"noopener\">AUSSAGENLOGIK<\/a><br \/>\n<a href=\"https:\/\/toposuranos.com\/material\/de\/category\/mathematik\/differentialrechnung\/\" rel=\"noopener\">DIFFERENTIALRECHNUNG<\/a><br \/>\n<a href=\"https:\/\/toposuranos.com\/material\/de\/category\/mathematik\/wahrscheinlichkeiten-und-statistik\/\">WAHRSCHEINLICHKEIT UND STATISTIK<\/a><br \/>\n<a href=\"https:\/\/toposuranos.com\/material\/de\/category\/wirtschaft-und-finanzen\/finanzmathematik\/\">FINANZMATHEMATIK<\/a>\n<\/div>\n<div style=\"text-align:center\">\n<div class=\"courses\">\n<h3>PHYSIK-KURSE<\/h3>\n<\/div>\n<p><a href=\"https:\/\/toposuranos.com\/material\/de\/category\/physik\/grundlagen-der-mechanik\/\">GRUNDLAGEN DER MECHANIK<\/a><br \/>\n<a href=\"https:\/\/toposuranos.com\/material\/de\/category\/physik\/geometrische-optik\/\">GEOMETRISCHE OPTIK<\/a><br \/>\n<a href=\"https:\/\/toposuranos.com\/material\/de\/category\/physik\/fluidmechanik\/\">STR\u00d6MUNGSLEHRE<\/a><br \/>\n<a href=\"https:\/\/toposuranos.com\/material\/de\/category\/physik\/thermodynamik\/\">THERMODYNAMIK<\/a><br \/>\n<a href=\"https:\/\/toposuranos.com\/material\/de\/category\/physik\/elektromagnetismus\/\">ELEKTROMAGNETISMUS<\/a><br \/>\n<a href=\"https:\/\/toposuranos.com\/material\/de\/category\/physik\/klassische-mechanik\/\">KLASSISCHE MECHANIK<\/a><br \/>\n<a href=\"https:\/\/toposuranos.com\/material\/de\/category\/physik\/relativitaet\/\">RELATIVIT\u00c4TSTHEORIE<\/a>\n<\/div>\n<div style=\"text-align:center\">\n<div class=\"cursos\">\n<h3>INFORMATIK UND PROGRAMMIERUNG<\/h3>\n<\/div>\n<p><a href=\"https:\/\/toposuranos.com\/material\/de\/category\/informatik-und-computerwissenschaft\/programmierung-in-c\/\">PROGRAMMIERUNG IN C++<\/a><\/p>\n<\/div>\n<p><\/center><br \/>\n<\/body><br \/>\n<\/html><\/p>\n","protected":false},"excerpt":{"rendered":"<p>Kostenlose Online-Kurse in Mathematik und Physik | Topos Uranos TOPOSURANOS.COM\/MATERIAL Bei Topos Uranos finden Sie eine Vielzahl von Kursen in Mathematik und Physik, die als Abfolgen von Unterrichtseinheiten organisiert sind und dazu dienen, Ihre F\u00e4higkeiten zu verbessern oder neue zu erwerben. Alle diese Kurse beinhalten schriftliche Unterlagen in LaTeX sowie erkl\u00e4rende Videos, auf die Sie [&hellip;]<\/p>\n","protected":false},"author":1,"featured_media":0,"parent":0,"menu_order":9,"comment_status":"closed","ping_status":"closed","template":"","meta":{"iawp_total_views":3,"_citadela_hide_page_title":"","_citadela_remove_header_space":"","footnotes":""},"class_list":["post-33588","page","type-page","status-publish","hentry"],"yoast_head":"<!-- This site is optimized with the Yoast SEO plugin v26.7 - https:\/\/yoast.com\/wordpress\/plugins\/seo\/ -->\n<title>Mathematik- und Physik-Kurse \u2013 Topos Uranos<\/title>\n<meta name=\"description\" content=\"Mathematik- und Physikkurse f\u00fcr alle zug\u00e4nglich \u2013 vom Grund- bis zum Universit\u00e4tsniveau, komplett kostenlos \u2b50\u2b50\u2b50\u2b50\u2b50\" \/>\n<meta name=\"robots\" content=\"index, follow, max-snippet:-1, max-image-preview:large, max-video-preview:-1\" \/>\n<link rel=\"canonical\" href=\"https:\/\/toposuranos.com\/material\/de\/mathematik-und-physik-kurse\/\" \/>\n<meta property=\"og:locale\" content=\"es_ES\" \/>\n<meta property=\"og:type\" content=\"article\" \/>\n<meta property=\"og:title\" content=\"Mathematik- und Physik-Kurse\" \/>\n<meta property=\"og:description\" content=\"Mathematik- und Physikkurse f\u00fcr alle zug\u00e4nglich \u2013 vom Grund- bis zum Universit\u00e4tsniveau, komplett kostenlos \u2b50\u2b50\u2b50\u2b50\u2b50\" \/>\n<meta property=\"og:url\" content=\"https:\/\/toposuranos.com\/material\/de\/mathematik-und-physik-kurse\/\" \/>\n<meta property=\"og:site_name\" content=\"toposuranos.com\/material\" \/>\n<meta property=\"article:publisher\" content=\"https:\/\/www.facebook.com\/groups\/toposuranos\" \/>\n<meta property=\"article:modified_time\" content=\"2025-07-29T06:11:54+00:00\" \/>\n<meta property=\"og:image\" content=\"https:\/\/toposuranos.com\/wp-content\/uploads\/2022\/12\/cropped-Logo-youtube2-300x300-1-300x300.png\" \/>\n<meta name=\"twitter:card\" content=\"summary_large_image\" \/>\n<meta name=\"twitter:title\" content=\"Mathematik- und Physik-Kurse\" \/>\n<meta name=\"twitter:description\" content=\"Mathematik- und Physikkurse f\u00fcr alle zug\u00e4nglich \u2013 vom Grund- bis zum Universit\u00e4tsniveau, komplett kostenlos \u2b50\u2b50\u2b50\u2b50\u2b50\" \/>\n<meta name=\"twitter:image\" content=\"https:\/\/toposuranos.com\/wp-content\/uploads\/2022\/12\/cropped-Logo-youtube2-300x300-1.png\" \/>\n<meta name=\"twitter:site\" content=\"@topuranos\" \/>\n<meta name=\"twitter:label1\" content=\"Tiempo de lectura\" \/>\n\t<meta name=\"twitter:data1\" content=\"1 minuto\" \/>\n<script type=\"application\/ld+json\" class=\"yoast-schema-graph\">{\"@context\":\"https:\/\/schema.org\",\"@graph\":[{\"@type\":\"WebPage\",\"@id\":\"https:\/\/toposuranos.com\/material\/de\/mathematik-und-physik-kurse\/\",\"url\":\"https:\/\/toposuranos.com\/material\/de\/mathematik-und-physik-kurse\/\",\"name\":\"Mathematik- und Physik-Kurse \u2013 Topos Uranos\",\"isPartOf\":{\"@id\":\"https:\/\/toposuranos.com\/material\/#website\"},\"datePublished\":\"2025-07-29T05:21:22+00:00\",\"dateModified\":\"2025-07-29T06:11:54+00:00\",\"description\":\"Mathematik- und Physikkurse f\u00fcr alle zug\u00e4nglich \u2013 vom Grund- bis zum Universit\u00e4tsniveau, komplett kostenlos \u2b50\u2b50\u2b50\u2b50\u2b50\",\"breadcrumb\":{\"@id\":\"https:\/\/toposuranos.com\/material\/de\/mathematik-und-physik-kurse\/#breadcrumb\"},\"inLanguage\":\"es\",\"potentialAction\":[{\"@type\":\"ReadAction\",\"target\":[\"https:\/\/toposuranos.com\/material\/de\/mathematik-und-physik-kurse\/\"]}]},{\"@type\":\"BreadcrumbList\",\"@id\":\"https:\/\/toposuranos.com\/material\/de\/mathematik-und-physik-kurse\/#breadcrumb\",\"itemListElement\":[{\"@type\":\"ListItem\",\"position\":1,\"name\":\"Portada\",\"item\":\"https:\/\/toposuranos.com\/material\/es\/cursos-de-matematica-y-fisica\/\"},{\"@type\":\"ListItem\",\"position\":2,\"name\":\"Mathematik- und Physik-Kurse\"}]},{\"@type\":\"WebSite\",\"@id\":\"https:\/\/toposuranos.com\/material\/#website\",\"url\":\"https:\/\/toposuranos.com\/material\/\",\"name\":\"toposuranos.com\/material\",\"description\":\"\",\"publisher\":{\"@id\":\"https:\/\/toposuranos.com\/material\/#organization\"},\"potentialAction\":[{\"@type\":\"SearchAction\",\"target\":{\"@type\":\"EntryPoint\",\"urlTemplate\":\"https:\/\/toposuranos.com\/material\/?s={search_term_string}\"},\"query-input\":{\"@type\":\"PropertyValueSpecification\",\"valueRequired\":true,\"valueName\":\"search_term_string\"}}],\"inLanguage\":\"es\"},{\"@type\":\"Organization\",\"@id\":\"https:\/\/toposuranos.com\/material\/#organization\",\"name\":\"toposuranos.com\/material\",\"url\":\"https:\/\/toposuranos.com\/material\/\",\"logo\":{\"@type\":\"ImageObject\",\"inLanguage\":\"es\",\"@id\":\"https:\/\/toposuranos.com\/material\/#\/schema\/logo\/image\/\",\"url\":\"http:\/\/toposuranos.com\/material\/wp-content\/uploads\/2023\/10\/logo.png\",\"contentUrl\":\"http:\/\/toposuranos.com\/material\/wp-content\/uploads\/2023\/10\/logo.png\",\"width\":2400,\"height\":2059,\"caption\":\"toposuranos.com\/material\"},\"image\":{\"@id\":\"https:\/\/toposuranos.com\/material\/#\/schema\/logo\/image\/\"},\"sameAs\":[\"https:\/\/www.facebook.com\/groups\/toposuranos\",\"https:\/\/x.com\/topuranos\",\"https:\/\/www.youtube.com\/channel\/UC16yDm12cPcrwsE0fAM7X1g\",\"https:\/\/www.linkedin.com\/company\/69429190\"]}]}<\/script>\n<!-- \/ Yoast SEO plugin. -->","yoast_head_json":{"title":"Mathematik- und Physik-Kurse \u2013 Topos Uranos","description":"Mathematik- und Physikkurse f\u00fcr alle zug\u00e4nglich \u2013 vom Grund- bis zum Universit\u00e4tsniveau, komplett kostenlos \u2b50\u2b50\u2b50\u2b50\u2b50","robots":{"index":"index","follow":"follow","max-snippet":"max-snippet:-1","max-image-preview":"max-image-preview:large","max-video-preview":"max-video-preview:-1"},"canonical":"https:\/\/toposuranos.com\/material\/de\/mathematik-und-physik-kurse\/","og_locale":"es_ES","og_type":"article","og_title":"Mathematik- und Physik-Kurse","og_description":"Mathematik- und Physikkurse f\u00fcr alle zug\u00e4nglich \u2013 vom Grund- bis zum Universit\u00e4tsniveau, komplett kostenlos \u2b50\u2b50\u2b50\u2b50\u2b50","og_url":"https:\/\/toposuranos.com\/material\/de\/mathematik-und-physik-kurse\/","og_site_name":"toposuranos.com\/material","article_publisher":"https:\/\/www.facebook.com\/groups\/toposuranos","article_modified_time":"2025-07-29T06:11:54+00:00","og_image":[{"url":"https:\/\/toposuranos.com\/wp-content\/uploads\/2022\/12\/cropped-Logo-youtube2-300x300-1-300x300.png","type":"","width":"","height":""}],"twitter_card":"summary_large_image","twitter_title":"Mathematik- und Physik-Kurse","twitter_description":"Mathematik- und Physikkurse f\u00fcr alle zug\u00e4nglich \u2013 vom Grund- bis zum Universit\u00e4tsniveau, komplett kostenlos \u2b50\u2b50\u2b50\u2b50\u2b50","twitter_image":"https:\/\/toposuranos.com\/wp-content\/uploads\/2022\/12\/cropped-Logo-youtube2-300x300-1.png","twitter_site":"@topuranos","twitter_misc":{"Tiempo de lectura":"1 minuto"},"schema":{"@context":"https:\/\/schema.org","@graph":[{"@type":"WebPage","@id":"https:\/\/toposuranos.com\/material\/de\/mathematik-und-physik-kurse\/","url":"https:\/\/toposuranos.com\/material\/de\/mathematik-und-physik-kurse\/","name":"Mathematik- und Physik-Kurse \u2013 Topos Uranos","isPartOf":{"@id":"https:\/\/toposuranos.com\/material\/#website"},"datePublished":"2025-07-29T05:21:22+00:00","dateModified":"2025-07-29T06:11:54+00:00","description":"Mathematik- und Physikkurse f\u00fcr alle zug\u00e4nglich \u2013 vom Grund- bis zum Universit\u00e4tsniveau, komplett kostenlos \u2b50\u2b50\u2b50\u2b50\u2b50","breadcrumb":{"@id":"https:\/\/toposuranos.com\/material\/de\/mathematik-und-physik-kurse\/#breadcrumb"},"inLanguage":"es","potentialAction":[{"@type":"ReadAction","target":["https:\/\/toposuranos.com\/material\/de\/mathematik-und-physik-kurse\/"]}]},{"@type":"BreadcrumbList","@id":"https:\/\/toposuranos.com\/material\/de\/mathematik-und-physik-kurse\/#breadcrumb","itemListElement":[{"@type":"ListItem","position":1,"name":"Portada","item":"https:\/\/toposuranos.com\/material\/es\/cursos-de-matematica-y-fisica\/"},{"@type":"ListItem","position":2,"name":"Mathematik- und Physik-Kurse"}]},{"@type":"WebSite","@id":"https:\/\/toposuranos.com\/material\/#website","url":"https:\/\/toposuranos.com\/material\/","name":"toposuranos.com\/material","description":"","publisher":{"@id":"https:\/\/toposuranos.com\/material\/#organization"},"potentialAction":[{"@type":"SearchAction","target":{"@type":"EntryPoint","urlTemplate":"https:\/\/toposuranos.com\/material\/?s={search_term_string}"},"query-input":{"@type":"PropertyValueSpecification","valueRequired":true,"valueName":"search_term_string"}}],"inLanguage":"es"},{"@type":"Organization","@id":"https:\/\/toposuranos.com\/material\/#organization","name":"toposuranos.com\/material","url":"https:\/\/toposuranos.com\/material\/","logo":{"@type":"ImageObject","inLanguage":"es","@id":"https:\/\/toposuranos.com\/material\/#\/schema\/logo\/image\/","url":"http:\/\/toposuranos.com\/material\/wp-content\/uploads\/2023\/10\/logo.png","contentUrl":"http:\/\/toposuranos.com\/material\/wp-content\/uploads\/2023\/10\/logo.png","width":2400,"height":2059,"caption":"toposuranos.com\/material"},"image":{"@id":"https:\/\/toposuranos.com\/material\/#\/schema\/logo\/image\/"},"sameAs":["https:\/\/www.facebook.com\/groups\/toposuranos","https:\/\/x.com\/topuranos","https:\/\/www.youtube.com\/channel\/UC16yDm12cPcrwsE0fAM7X1g","https:\/\/www.linkedin.com\/company\/69429190"]}]}},"_links":{"self":[{"href":"https:\/\/toposuranos.com\/material\/wp-json\/wp\/v2\/pages\/33588","targetHints":{"allow":["GET"]}}],"collection":[{"href":"https:\/\/toposuranos.com\/material\/wp-json\/wp\/v2\/pages"}],"about":[{"href":"https:\/\/toposuranos.com\/material\/wp-json\/wp\/v2\/types\/page"}],"author":[{"embeddable":true,"href":"https:\/\/toposuranos.com\/material\/wp-json\/wp\/v2\/users\/1"}],"replies":[{"embeddable":true,"href":"https:\/\/toposuranos.com\/material\/wp-json\/wp\/v2\/comments?post=33588"}],"version-history":[{"count":0,"href":"https:\/\/toposuranos.com\/material\/wp-json\/wp\/v2\/pages\/33588\/revisions"}],"wp:attachment":[{"href":"https:\/\/toposuranos.com\/material\/wp-json\/wp\/v2\/media?parent=33588"}],"curies":[{"name":"wp","href":"https:\/\/api.w.org\/{rel}","templated":true}]}}