{"id":18767,"date":"2020-01-01T00:00:59","date_gmt":"2020-01-01T00:00:59","guid":{"rendered":"https:\/\/toposuranos.com\/?page_id=18767"},"modified":"2025-07-29T06:07:57","modified_gmt":"2025-07-29T06:07:57","slug":"cursos-de-matematica-e-fisica","status":"publish","type":"page","link":"http:\/\/toposuranos.com\/material\/pt\/cursos-de-matematica-e-fisica\/","title":{"rendered":"CURSOS DE MATEM\u00c1TICA E F\u00cdSICA"},"content":{"rendered":"<style>\n        p {\n            max-width: 800px; \/* Ajusta el valor a tu preferencia *\/\n            margin: 0 auto; \/* Centra el p\u00e1rrafo horizontalmente *\/\n            font-size: 20px;\n        }\n<\/style>\n<p><!DOCTYPE html> <html lang=\"pt\"><head><meta charset=\"UTF-8\"><meta name=\"description\" content=\"Topos Uranos oferece cursos gratuitos online de matem\u00e1tica e f\u00edsica desenhados para ajudar a melhorar suas habilidades ou adquirir novas. Explore nossos cursos de \u00c1lgebra, Geometria e mais.\"><meta name=\"keywords\" content=\"Cursos gratuitos, Matem\u00e1tica online, F\u00edsica online, Educa\u00e7\u00e3o em ci\u00eancias, \u00c1lgebra, Geometria\"><meta name=\"viewport\" content=\"width=device-width, initial-scale=1.0\"><title>Cursos Gratuitos de Matem\u00e1tica e F\u00edsica Online | Topos Uranos<\/title> <\/head><body><br \/>\n<code>TOPOSURANOS.COM\/MATERIAL<\/code><\/p>\n<p style=\"text-align:justify;\">\nEm <strong>Topos Uranos<\/strong>, voc\u00ea encontrar\u00e1 uma grande variedade de cursos sobre Matem\u00e1tica e F\u00edsica organizados em forma de sequ\u00eancias de aulas, desenhados para ajudar a melhorar suas habilidades ou adquirir novas. Todas estas aulas contam com apontamentos escritos em LaTeX e v\u00eddeos explicativos aos quais voc\u00ea pode acessar gratuitamente.\n<\/p>\n<p><center><\/p>\n<h2>EXPLORE NOSSOS CURSOS<\/h2>\n<p><\/center><\/p>\n<p style=\"text-align:justify;\">\nCada curso segue um plano formado por uma sequ\u00eancia de aulas centrada em objetivos de aprendizagem espec\u00edficos. N\u00e3o importa se voc\u00ea \u00e9 um iniciante absoluto ou um veterano em busca de uma revis\u00e3o, temos algo para voc\u00ea.\n<\/p>\n<p><center><\/p>\n<hr>\n<div style=\"text-align:center\">\n<div class=\"cursos\">\n<h3>FILOSOFIA<\/h3>\n<\/div>\n<p><a href=\"https:\/\/toposuranos.com\/material\/pt\/category\/filosofia-pt\/logica-aristotelica-pt\/\">L\u00d3GICA ARISTOT\u00c9LICA<\/a>\n<\/div>\n<div style=\"text-align:center\">\n<div class=\"cursos\">\n<h3>CURSOS DE MATEM\u00c1TICA<\/h3>\n<\/div>\n<p><a href=\"http:\/\/toposuranos.com\/material\/pt\/category\/matematica\/algebra-e-geometria\/\" rel=\"noopener\">\u00c1LGEBRA E GEOMETRIA<\/a><br \/>\n<a href=\"http:\/\/toposuranos.com\/material\/pt\/category\/matematica-pt\/logica-matematica-pt\/logica-proposicional-pt\/\" rel=\"noopener\">L\u00d3GICA PROPOSICIONAL<\/a><br \/>\n<a href=\"http:\/\/toposuranos.com\/material\/pt\/category\/matematica-pt\/calculo-diferencial-pt\/\" rel=\"noopener\">C\u00c1LCULO DIFERENCIAL<\/a><br \/>\n<a href=\"http:\/\/toposuranos.com\/material\/pt\/category\/matematica-pt\/probabilidades-e-estatistica\/\">PROBABILIDADES E ESTAT\u00cdSTICA<\/a><br \/>\n<a href=\"http:\/\/toposuranos.com\/material\/pt\/category\/economia-e-financas\/matematica-financeira\/\">MATEM\u00c1TICA FINANCEIRA<\/a>\n<\/div>\n<div style=\"text-align:center\">\n<div class=\"courses\">\n<h3>CURSOS DE F\u00cdSICA<\/h3>\n<\/div>\n<p><a href=\"http:\/\/toposuranos.com\/material\/pt\/category\/fisica-pt\/fundamentos-de-mecanica-pt\/\">FUNDAMENTOS DE MEC\u00c2NICA<\/a><br \/>\n<a href=\"http:\/\/toposuranos.com\/material\/pt\/category\/fisica-pt\/optica-geometrica-pt\/\">\u00d3PTICA GEOM\u00c9TRICA<\/a><br \/>\n<a href=\"http:\/\/toposuranos.com\/material\/pt\/category\/fisica-pt\/mecanica-dos-fluidos\/\">MEC\u00c2NICA DOS FLUIDOS<\/a><br \/>\n<a href=\"http:\/\/toposuranos.com\/material\/pt\/category\/fisica-pt\/termodinamica-pt\/\">TERMODIN\u00c2MICA<\/a><br \/>\n<a href=\"http:\/\/toposuranos.com\/material\/pt\/category\/fisica-pt\/eletromagnetismo\/\">ELETROMAGNETISMO<\/a><br \/>\n<a href=\"http:\/\/toposuranos.com\/material\/pt\/category\/fisica-pt\/mecanica-classica\/\">MEC\u00c2NICA CL\u00c1SSICA<\/a><br \/>\n<a href=\"http:\/\/toposuranos.com\/material\/pt\/category\/fisica-pt\/relatividade\/\">RELATIVIDADE<\/a>\n<\/div>\n<div style=\"text-align:center\">\n<div class=\"cursos\">\n<h3>COMPUTA\u00c7\u00c3O E INFORM\u00c1TICA<\/h3>\n<\/div>\n<p><a href=\"http:\/\/toposuranos.com\/material\/pt\/category\/computacao-e-informatica\/programacao-em-c\/\">PROGRAMA\u00c7\u00c3O EM C++<\/a><\/p>\n<\/div>\n<p><\/center><br \/>\n<\/body><br \/>\n<\/html><\/p>\n","protected":false},"excerpt":{"rendered":"<p>Cursos Gratuitos de Matem\u00e1tica e F\u00edsica Online | Topos Uranos TOPOSURANOS.COM\/MATERIAL Em Topos Uranos, voc\u00ea encontrar\u00e1 uma grande variedade de cursos sobre Matem\u00e1tica e F\u00edsica organizados em forma de sequ\u00eancias de aulas, desenhados para ajudar a melhorar suas habilidades ou adquirir novas. Todas estas aulas contam com apontamentos escritos em LaTeX e v\u00eddeos explicativos aos [&hellip;]<\/p>\n","protected":false},"author":1,"featured_media":0,"parent":0,"menu_order":3,"comment_status":"closed","ping_status":"closed","template":"","meta":{"iawp_total_views":38,"_citadela_hide_page_title":"","_citadela_remove_header_space":"","footnotes":""},"class_list":["post-18767","page","type-page","status-publish","hentry"],"yoast_head":"<!-- This site is optimized with the Yoast SEO plugin v27.4 - https:\/\/yoast.com\/product\/yoast-seo-wordpress\/ -->\n<title>Cursos de Matem\u00e1tica e F\u00edsica - Topos Uranos<\/title>\n<meta name=\"description\" content=\"Cursos de Matem\u00e1tica e F\u00edsica ao alcance de todos, desde o n\u00edvel b\u00e1sico at\u00e9 o universit\u00e1rio, completamente gr\u00e1tis \u2b50\u2b50\u2b50\u2b50\u2b50\" \/>\n<meta name=\"robots\" content=\"index, follow, max-snippet:-1, max-image-preview:large, max-video-preview:-1\" \/>\n<link rel=\"canonical\" href=\"http:\/\/toposuranos.com\/material\/pt\/cursos-de-matematica-e-fisica\/\" \/>\n<meta property=\"og:locale\" content=\"es_ES\" \/>\n<meta property=\"og:type\" content=\"article\" \/>\n<meta property=\"og:title\" content=\"CURSOS DE MATEM\u00c1TICA E F\u00cdSICA\" \/>\n<meta property=\"og:description\" content=\"Cursos de Matem\u00e1tica e F\u00edsica ao alcance de todos, desde o n\u00edvel b\u00e1sico at\u00e9 o universit\u00e1rio, completamente gr\u00e1tis \u2b50\u2b50\u2b50\u2b50\u2b50\" \/>\n<meta property=\"og:url\" content=\"http:\/\/toposuranos.com\/material\/pt\/cursos-de-matematica-e-fisica\/\" \/>\n<meta property=\"og:site_name\" content=\"toposuranos.com\/material\" \/>\n<meta property=\"article:publisher\" content=\"https:\/\/www.facebook.com\/groups\/toposuranos\" \/>\n<meta property=\"article:modified_time\" content=\"2025-07-29T06:07:57+00:00\" \/>\n<meta name=\"twitter:card\" content=\"summary_large_image\" \/>\n<meta name=\"twitter:title\" content=\"CURSOS DE MATEM\u00c1TICA E F\u00cdSICA\" \/>\n<meta name=\"twitter:description\" content=\"Cursos de Matem\u00e1tica e F\u00edsica ao alcance de todos, desde o n\u00edvel b\u00e1sico at\u00e9 o universit\u00e1rio, completamente gr\u00e1tis \u2b50\u2b50\u2b50\u2b50\u2b50\" \/>\n<meta name=\"twitter:image\" content=\"http:\/\/toposuranos.com\/material\/wp-content\/uploads\/2023\/10\/logo-2.png\" \/>\n<meta name=\"twitter:site\" content=\"@topuranos\" \/>\n<meta name=\"twitter:label1\" content=\"Tiempo de lectura\" \/>\n\t<meta name=\"twitter:data1\" content=\"1 minuto\" \/>\n<script type=\"application\/ld+json\" class=\"yoast-schema-graph\">{\"@context\":\"https:\\\/\\\/schema.org\",\"@graph\":[{\"@type\":\"WebPage\",\"@id\":\"http:\\\/\\\/toposuranos.com\\\/material\\\/pt\\\/cursos-de-matematica-e-fisica\\\/\",\"url\":\"http:\\\/\\\/toposuranos.com\\\/material\\\/pt\\\/cursos-de-matematica-e-fisica\\\/\",\"name\":\"Cursos de Matem\u00e1tica e F\u00edsica - Topos Uranos\",\"isPartOf\":{\"@id\":\"http:\\\/\\\/toposuranos.com\\\/material\\\/#website\"},\"datePublished\":\"2020-01-01T00:00:59+00:00\",\"dateModified\":\"2025-07-29T06:07:57+00:00\",\"description\":\"Cursos de Matem\u00e1tica e F\u00edsica ao alcance de todos, desde o n\u00edvel b\u00e1sico at\u00e9 o universit\u00e1rio, completamente gr\u00e1tis \u2b50\u2b50\u2b50\u2b50\u2b50\",\"breadcrumb\":{\"@id\":\"http:\\\/\\\/toposuranos.com\\\/material\\\/pt\\\/cursos-de-matematica-e-fisica\\\/#breadcrumb\"},\"inLanguage\":\"es\",\"potentialAction\":[{\"@type\":\"ReadAction\",\"target\":[\"http:\\\/\\\/toposuranos.com\\\/material\\\/pt\\\/cursos-de-matematica-e-fisica\\\/\"]}]},{\"@type\":\"BreadcrumbList\",\"@id\":\"http:\\\/\\\/toposuranos.com\\\/material\\\/pt\\\/cursos-de-matematica-e-fisica\\\/#breadcrumb\",\"itemListElement\":[{\"@type\":\"ListItem\",\"position\":1,\"name\":\"Portada\",\"item\":\"http:\\\/\\\/toposuranos.com\\\/material\\\/es\\\/cursos-de-matematica-y-fisica\\\/\"},{\"@type\":\"ListItem\",\"position\":2,\"name\":\"CURSOS DE MATEM\u00c1TICA E F\u00cdSICA\"}]},{\"@type\":\"WebSite\",\"@id\":\"http:\\\/\\\/toposuranos.com\\\/material\\\/#website\",\"url\":\"http:\\\/\\\/toposuranos.com\\\/material\\\/\",\"name\":\"toposuranos.com\\\/material\",\"description\":\"\",\"publisher\":{\"@id\":\"http:\\\/\\\/toposuranos.com\\\/material\\\/#organization\"},\"potentialAction\":[{\"@type\":\"SearchAction\",\"target\":{\"@type\":\"EntryPoint\",\"urlTemplate\":\"http:\\\/\\\/toposuranos.com\\\/material\\\/?s={search_term_string}\"},\"query-input\":{\"@type\":\"PropertyValueSpecification\",\"valueRequired\":true,\"valueName\":\"search_term_string\"}}],\"inLanguage\":\"es\"},{\"@type\":\"Organization\",\"@id\":\"http:\\\/\\\/toposuranos.com\\\/material\\\/#organization\",\"name\":\"toposuranos.com\\\/material\",\"url\":\"http:\\\/\\\/toposuranos.com\\\/material\\\/\",\"logo\":{\"@type\":\"ImageObject\",\"inLanguage\":\"es\",\"@id\":\"http:\\\/\\\/toposuranos.com\\\/material\\\/#\\\/schema\\\/logo\\\/image\\\/\",\"url\":\"http:\\\/\\\/toposuranos.com\\\/material\\\/wp-content\\\/uploads\\\/2023\\\/10\\\/logo.png\",\"contentUrl\":\"http:\\\/\\\/toposuranos.com\\\/material\\\/wp-content\\\/uploads\\\/2023\\\/10\\\/logo.png\",\"width\":2400,\"height\":2059,\"caption\":\"toposuranos.com\\\/material\"},\"image\":{\"@id\":\"http:\\\/\\\/toposuranos.com\\\/material\\\/#\\\/schema\\\/logo\\\/image\\\/\"},\"sameAs\":[\"https:\\\/\\\/www.facebook.com\\\/groups\\\/toposuranos\",\"https:\\\/\\\/x.com\\\/topuranos\",\"https:\\\/\\\/www.youtube.com\\\/channel\\\/UC16yDm12cPcrwsE0fAM7X1g\",\"https:\\\/\\\/www.linkedin.com\\\/company\\\/69429190\"]}]}<\/script>\n<!-- \/ Yoast SEO plugin. -->","yoast_head_json":{"title":"Cursos de Matem\u00e1tica e F\u00edsica - Topos Uranos","description":"Cursos de Matem\u00e1tica e F\u00edsica ao alcance de todos, desde o n\u00edvel b\u00e1sico at\u00e9 o universit\u00e1rio, completamente gr\u00e1tis \u2b50\u2b50\u2b50\u2b50\u2b50","robots":{"index":"index","follow":"follow","max-snippet":"max-snippet:-1","max-image-preview":"max-image-preview:large","max-video-preview":"max-video-preview:-1"},"canonical":"http:\/\/toposuranos.com\/material\/pt\/cursos-de-matematica-e-fisica\/","og_locale":"es_ES","og_type":"article","og_title":"CURSOS DE MATEM\u00c1TICA E F\u00cdSICA","og_description":"Cursos de Matem\u00e1tica e F\u00edsica ao alcance de todos, desde o n\u00edvel b\u00e1sico at\u00e9 o universit\u00e1rio, completamente gr\u00e1tis \u2b50\u2b50\u2b50\u2b50\u2b50","og_url":"http:\/\/toposuranos.com\/material\/pt\/cursos-de-matematica-e-fisica\/","og_site_name":"toposuranos.com\/material","article_publisher":"https:\/\/www.facebook.com\/groups\/toposuranos","article_modified_time":"2025-07-29T06:07:57+00:00","twitter_card":"summary_large_image","twitter_title":"CURSOS DE MATEM\u00c1TICA E F\u00cdSICA","twitter_description":"Cursos de Matem\u00e1tica e F\u00edsica ao alcance de todos, desde o n\u00edvel b\u00e1sico at\u00e9 o universit\u00e1rio, completamente gr\u00e1tis \u2b50\u2b50\u2b50\u2b50\u2b50","twitter_image":"http:\/\/toposuranos.com\/material\/wp-content\/uploads\/2023\/10\/logo-2.png","twitter_site":"@topuranos","twitter_misc":{"Tiempo de lectura":"1 minuto"},"schema":{"@context":"https:\/\/schema.org","@graph":[{"@type":"WebPage","@id":"http:\/\/toposuranos.com\/material\/pt\/cursos-de-matematica-e-fisica\/","url":"http:\/\/toposuranos.com\/material\/pt\/cursos-de-matematica-e-fisica\/","name":"Cursos de Matem\u00e1tica e F\u00edsica - Topos Uranos","isPartOf":{"@id":"http:\/\/toposuranos.com\/material\/#website"},"datePublished":"2020-01-01T00:00:59+00:00","dateModified":"2025-07-29T06:07:57+00:00","description":"Cursos de Matem\u00e1tica e F\u00edsica ao alcance de todos, desde o n\u00edvel b\u00e1sico at\u00e9 o universit\u00e1rio, completamente gr\u00e1tis \u2b50\u2b50\u2b50\u2b50\u2b50","breadcrumb":{"@id":"http:\/\/toposuranos.com\/material\/pt\/cursos-de-matematica-e-fisica\/#breadcrumb"},"inLanguage":"es","potentialAction":[{"@type":"ReadAction","target":["http:\/\/toposuranos.com\/material\/pt\/cursos-de-matematica-e-fisica\/"]}]},{"@type":"BreadcrumbList","@id":"http:\/\/toposuranos.com\/material\/pt\/cursos-de-matematica-e-fisica\/#breadcrumb","itemListElement":[{"@type":"ListItem","position":1,"name":"Portada","item":"http:\/\/toposuranos.com\/material\/es\/cursos-de-matematica-y-fisica\/"},{"@type":"ListItem","position":2,"name":"CURSOS DE MATEM\u00c1TICA E F\u00cdSICA"}]},{"@type":"WebSite","@id":"http:\/\/toposuranos.com\/material\/#website","url":"http:\/\/toposuranos.com\/material\/","name":"toposuranos.com\/material","description":"","publisher":{"@id":"http:\/\/toposuranos.com\/material\/#organization"},"potentialAction":[{"@type":"SearchAction","target":{"@type":"EntryPoint","urlTemplate":"http:\/\/toposuranos.com\/material\/?s={search_term_string}"},"query-input":{"@type":"PropertyValueSpecification","valueRequired":true,"valueName":"search_term_string"}}],"inLanguage":"es"},{"@type":"Organization","@id":"http:\/\/toposuranos.com\/material\/#organization","name":"toposuranos.com\/material","url":"http:\/\/toposuranos.com\/material\/","logo":{"@type":"ImageObject","inLanguage":"es","@id":"http:\/\/toposuranos.com\/material\/#\/schema\/logo\/image\/","url":"http:\/\/toposuranos.com\/material\/wp-content\/uploads\/2023\/10\/logo.png","contentUrl":"http:\/\/toposuranos.com\/material\/wp-content\/uploads\/2023\/10\/logo.png","width":2400,"height":2059,"caption":"toposuranos.com\/material"},"image":{"@id":"http:\/\/toposuranos.com\/material\/#\/schema\/logo\/image\/"},"sameAs":["https:\/\/www.facebook.com\/groups\/toposuranos","https:\/\/x.com\/topuranos","https:\/\/www.youtube.com\/channel\/UC16yDm12cPcrwsE0fAM7X1g","https:\/\/www.linkedin.com\/company\/69429190"]}]}},"_links":{"self":[{"href":"http:\/\/toposuranos.com\/material\/wp-json\/wp\/v2\/pages\/18767","targetHints":{"allow":["GET"]}}],"collection":[{"href":"http:\/\/toposuranos.com\/material\/wp-json\/wp\/v2\/pages"}],"about":[{"href":"http:\/\/toposuranos.com\/material\/wp-json\/wp\/v2\/types\/page"}],"author":[{"embeddable":true,"href":"http:\/\/toposuranos.com\/material\/wp-json\/wp\/v2\/users\/1"}],"replies":[{"embeddable":true,"href":"http:\/\/toposuranos.com\/material\/wp-json\/wp\/v2\/comments?post=18767"}],"version-history":[{"count":0,"href":"http:\/\/toposuranos.com\/material\/wp-json\/wp\/v2\/pages\/18767\/revisions"}],"wp:attachment":[{"href":"http:\/\/toposuranos.com\/material\/wp-json\/wp\/v2\/media?parent=18767"}],"curies":[{"name":"wp","href":"https:\/\/api.w.org\/{rel}","templated":true}]}}