{"id":13731,"date":"2020-01-01T00:00:07","date_gmt":"2020-01-01T00:00:07","guid":{"rendered":"https:\/\/toposuranos.com\/?page_id=13731"},"modified":"2025-07-29T06:06:20","modified_gmt":"2025-07-29T06:06:20","slug":"cursos-de-matematica-y-fisica","status":"publish","type":"page","link":"http:\/\/toposuranos.com\/material\/es\/cursos-de-matematica-y-fisica\/","title":{"rendered":"CURSOS DE MATEM\u00c1TICA Y F\u00cdSICA"},"content":{"rendered":"<style>\n        p {\n            max-width: 800px; \/* Ajusta el valor a tu preferencia *\/\n            margin: 0 auto; \/* Centra el p\u00e1rrafo horizontalmente *\/\n            font-size: 20px;\n        }\n<\/style>\n<p><!DOCTYPE html> <html lang=\"es\"> <head>     <meta charset=\"UTF-8\">     <meta name=\"description\" content=\"Topos Uranos ofrece cursos gratuitos en l\u00ednea de matem\u00e1ticas y f\u00edsica dise\u00f1ados para ayudar a mejorar tus habilidades o adquirir nuevas. Explora nuestros cursos de \u00c1lgebra, Geometr\u00eda y m\u00e1s.\">     <meta name=\"keywords\" content=\"Cursos gratuitos, Matem\u00e1ticas en l\u00ednea, F\u00edsica en l\u00ednea, Educaci\u00f3n en ciencias, \u00c1lgebra, Geometr\u00eda\">     <meta name=\"viewport\" content=\"width=device-width, initial-scale=1.0\">     <title>Cursos Gratuitos de Matem\u00e1ticas y F\u00edsica en L\u00ednea | Topos Uranos<\/title> <\/head> <body><br \/>\n<code>TOPOSURANOS.COM\/MATERIAL<\/code><\/p>\n<p style=\"text-align:justify;\">\nEn <strong>Topos Uranos<\/strong> encontrar\u00e1s una gran variedad de cursos sobre Matem\u00e1tica y F\u00edsica organizados en forma de secuencias de clases, dise\u00f1ados para ayudarte a mejorar tus habilidades o adquirir nuevas. Todas estas clases cuentan con apuntes escritos en LaTeX y v\u00eddeos explicativos a los que puedes acceder gratuitamente.\n<\/p>\n<p><center><\/p>\n<h2>EXPLORA NUESTROS CURSOS<\/h2>\n<p><\/center><\/p>\n<p style=\"text-align:justify;\">\nCada curso sigue un plan formado por una secuencia de clases centrada en objetivos de aprendizaje espec\u00edficos. No importa si eres un principiante absoluto o un veterano en busca de un repaso, tenemos algo para ti.\n<\/p>\n<hr>\n<\/div>\n<div style=\"text-align:center\">\n<div class=\"cursos\">\n<h3>FILOSOF\u00cdA<\/h3>\n<\/div>\n<p><a href=\"http:\/\/toposuranos.com\/material\/es\/category\/filosofia\/logica-aristotelica\/\">L\u00d3GICA ARISTOT\u00c9LICA<\/a>\n<\/div>\n<div style=\"text-align:center\">\n<div class=\"cursos\">\n<h3>MATEM\u00c1TICA<\/h3>\n<\/div>\n<p><a href=\"http:\/\/toposuranos.com\/material\/es\/category\/matematica\/algebra-y-geometria\/\">\u00c1LGEBRA Y GEOMETR\u00cdA<\/a><br \/>\n<a href=\"http:\/\/toposuranos.com\/material\/es\/category\/matematica\/logica-matematica\/logica-proposicional\/\">L\u00d3GICA PROPOSICIONAL<\/a><br \/>\n<a href=\"http:\/\/toposuranos.com\/material\/es\/category\/matematica\/algebra-general-es\/\">\u00c1LGEBRA GENERAL<\/a><br \/>\n<a href=\"http:\/\/toposuranos.com\/material\/es\/category\/matematica\/calculo-diferencial\/\">C\u00c1LCULO DIFERENCIAL<\/a><br \/>\n<a href=\"http:\/\/toposuranos.com\/material\/es\/category\/matematica\/calculo-integral-es\/\">C\u00c1LCULO INTEGRAL<\/a><br \/>\n<a href=\"http:\/\/toposuranos.com\/material\/es\/category\/matematica\/algebra-lineal\/\">\u00c1LGEBRA LINEAL<\/a><br \/>\n<a href=\"http:\/\/toposuranos.com\/material\/es\/category\/matematica\/calculo-multivariable\/\">C\u00c1LCULO EN VARIAS VARIABLES<\/a><br \/>\n<a href=\"http:\/\/toposuranos.com\/material\/es\/category\/matematica\/probabilidades-y-estadistica\/\">PROBABILIDADES Y ESTAD\u00cdSTICA<\/a><br \/>\n<a href=\"http:\/\/toposuranos.com\/material\/es\/category\/economia-y-finanzas\/matematicas-financieras\/\">MATEM\u00c1TICAS FINANCIERAS<\/a><br \/>\n<a href=\"http:\/\/toposuranos.com\/material\/es\/category\/matematica\/ecuaciones-diferenciales-ordinarias\/\">ECUACIONES DIFERENCIALES ORDINARIAS<\/a>\n<\/div>\n<div style=\"text-align:center\">\n<div class=\"cursos\">\n<h3>F\u00cdSICA<\/h3>\n<p><a href=\"http:\/\/toposuranos.com\/material\/es\/category\/fisica\/fundamentos-de-mecanica\/\">FUNDAMENTOS DE MEC\u00c1NICA<\/a><br \/>\n<a href=\"http:\/\/toposuranos.com\/material\/es\/category\/fisica\/optica-geometrica\/\">\u00d3PTICA GEOM\u00c9TRICA<\/a><br \/>\n<a href=\"http:\/\/toposuranos.com\/material\/es\/category\/fisica\/mecanica-de-fluidos\/\">MEC\u00c1NICA DE FLUIDOS<\/a><br \/>\n<a href=\"http:\/\/toposuranos.com\/material\/es\/category\/fisica\/termodinamica\/\">TERMODIN\u00c1MICA<\/a><br \/>\n<a href=\"http:\/\/toposuranos.com\/material\/es\/category\/fisica\/electromagnetismo\/\">ELECTROMAGNETISMO<\/a><br \/>\n<a href=\"http:\/\/toposuranos.com\/material\/es\/category\/fisica\/mecanica-clasica\/\">MEC\u00c1NICA CL\u00c1SICA<\/a><br \/>\n<a href=\"http:\/\/toposuranos.com\/material\/es\/category\/fisica\/relatividad\/\">RELATIVIDAD<\/a><\/p>\n<\/div>\n<div style=\"text-align:center\">\n<div class=\"cursos\">\n<h3>COMPUTACI\u00d3N E INFORM\u00c1TICA<\/h3>\n<\/div>\n<p><a href=\"http:\/\/toposuranos.com\/material\/es\/category\/computacion-e-informatica\/analisis-de-datos-con-r\/\">AN\u00c1LISIS DE DATOS CON R<\/a><br \/>\n<a href=\"http:\/\/toposuranos.com\/material\/es\/category\/computacion-e-informatica\/programacion-en-c\/\">PROGRAMACI\u00d3N EN C++<\/a>\n<\/div>\n<p><\/body><br \/>\n<\/html><\/p>\n","protected":false},"excerpt":{"rendered":"<p>Bienvenid@ a TOPOS URANOS, donde encontraras una gran variedad de cursos de MATEM\u00c1TICA y F\u00cdSICA de nivel universitario completamente gratis<\/p>\n","protected":false},"author":1,"featured_media":0,"parent":0,"menu_order":4,"comment_status":"closed","ping_status":"closed","template":"","meta":{"iawp_total_views":4078,"_citadela_hide_page_title":"","_citadela_remove_header_space":"","footnotes":""},"class_list":["post-13731","page","type-page","status-publish","hentry"],"yoast_head":"<!-- This site is optimized with the Yoast SEO plugin v27.4 - https:\/\/yoast.com\/product\/yoast-seo-wordpress\/ -->\n<title>Cursos de Matem\u00e1tica y F\u00edsica - Topos Uranos<\/title>\n<meta name=\"description\" content=\"Cursos de Matem\u00e1tica y F\u00edsica al alcance de todos, de nivel b\u00e1sico a universitario completamente gratis \u2b50\u2b50\u2b50\u2b50\u2b50\" \/>\n<meta name=\"robots\" content=\"index, follow, max-snippet:-1, max-image-preview:large, max-video-preview:-1\" \/>\n<link rel=\"canonical\" href=\"http:\/\/toposuranos.com\/material\/es\/cursos-de-matematica-y-fisica\/\" \/>\n<meta property=\"og:locale\" content=\"es_ES\" \/>\n<meta property=\"og:type\" content=\"article\" \/>\n<meta property=\"og:title\" content=\"CURSOS DE MATEM\u00c1TICA Y F\u00cdSICA\" \/>\n<meta property=\"og:description\" content=\"Cursos de Matem\u00e1tica y F\u00edsica al alcance de todos, de nivel b\u00e1sico a universitario completamente gratis \u2b50\u2b50\u2b50\u2b50\u2b50\" \/>\n<meta property=\"og:url\" content=\"http:\/\/toposuranos.com\/material\/es\/cursos-de-matematica-y-fisica\/\" \/>\n<meta property=\"og:site_name\" content=\"toposuranos.com\/material\" \/>\n<meta property=\"article:publisher\" content=\"https:\/\/www.facebook.com\/groups\/toposuranos\" \/>\n<meta property=\"article:modified_time\" content=\"2025-07-29T06:06:20+00:00\" \/>\n<meta name=\"twitter:card\" content=\"summary_large_image\" \/>\n<meta name=\"twitter:title\" content=\"CURSOS DE MATEM\u00c1TICA Y F\u00cdSICA\" \/>\n<meta name=\"twitter:description\" content=\"Cursos de Matem\u00e1tica y F\u00edsica al alcance de todos, de nivel b\u00e1sico a universitario completamente gratis \u2b50\u2b50\u2b50\u2b50\u2b50\" \/>\n<meta name=\"twitter:image\" content=\"http:\/\/toposuranos.com\/material\/wp-content\/uploads\/2023\/10\/logo.png\" \/>\n<meta name=\"twitter:site\" content=\"@topuranos\" \/>\n<meta name=\"twitter:label1\" content=\"Tiempo de lectura\" \/>\n\t<meta name=\"twitter:data1\" content=\"1 minuto\" \/>\n<script type=\"application\/ld+json\" class=\"yoast-schema-graph\">{\"@context\":\"https:\\\/\\\/schema.org\",\"@graph\":[{\"@type\":[\"Article\",\"BlogPosting\"],\"@id\":\"http:\\\/\\\/toposuranos.com\\\/material\\\/es\\\/cursos-de-matematica-y-fisica\\\/#article\",\"isPartOf\":{\"@id\":\"http:\\\/\\\/toposuranos.com\\\/material\\\/es\\\/cursos-de-matematica-y-fisica\\\/\"},\"author\":{\"name\":\"giorgio.reveco\",\"@id\":\"http:\\\/\\\/toposuranos.com\\\/material\\\/#\\\/schema\\\/person\\\/e15164361c3f9a2a02cf6c234cf7fdc1\"},\"headline\":\"CURSOS DE MATEM\u00c1TICA Y F\u00cdSICA\",\"datePublished\":\"2020-01-01T00:00:07+00:00\",\"dateModified\":\"2025-07-29T06:06:20+00:00\",\"mainEntityOfPage\":{\"@id\":\"http:\\\/\\\/toposuranos.com\\\/material\\\/es\\\/cursos-de-matematica-y-fisica\\\/\"},\"wordCount\":189,\"publisher\":{\"@id\":\"http:\\\/\\\/toposuranos.com\\\/material\\\/#organization\"},\"inLanguage\":\"es\"},{\"@type\":\"WebPage\",\"@id\":\"http:\\\/\\\/toposuranos.com\\\/material\\\/es\\\/cursos-de-matematica-y-fisica\\\/\",\"url\":\"http:\\\/\\\/toposuranos.com\\\/material\\\/es\\\/cursos-de-matematica-y-fisica\\\/\",\"name\":\"Cursos de Matem\u00e1tica y F\u00edsica - Topos Uranos\",\"isPartOf\":{\"@id\":\"http:\\\/\\\/toposuranos.com\\\/material\\\/#website\"},\"datePublished\":\"2020-01-01T00:00:07+00:00\",\"dateModified\":\"2025-07-29T06:06:20+00:00\",\"description\":\"Cursos de Matem\u00e1tica y F\u00edsica al alcance de todos, de nivel b\u00e1sico a universitario completamente gratis \u2b50\u2b50\u2b50\u2b50\u2b50\",\"breadcrumb\":{\"@id\":\"http:\\\/\\\/toposuranos.com\\\/material\\\/es\\\/cursos-de-matematica-y-fisica\\\/#breadcrumb\"},\"inLanguage\":\"es\",\"potentialAction\":[{\"@type\":\"ReadAction\",\"target\":[\"http:\\\/\\\/toposuranos.com\\\/material\\\/es\\\/cursos-de-matematica-y-fisica\\\/\"]}]},{\"@type\":\"BreadcrumbList\",\"@id\":\"http:\\\/\\\/toposuranos.com\\\/material\\\/es\\\/cursos-de-matematica-y-fisica\\\/#breadcrumb\",\"itemListElement\":[{\"@type\":\"ListItem\",\"position\":1,\"name\":\"Portada\",\"item\":\"http:\\\/\\\/toposuranos.com\\\/material\\\/es\\\/cursos-de-matematica-y-fisica\\\/\"},{\"@type\":\"ListItem\",\"position\":2,\"name\":\"CURSOS DE MATEM\u00c1TICA Y F\u00cdSICA\"}]},{\"@type\":\"WebSite\",\"@id\":\"http:\\\/\\\/toposuranos.com\\\/material\\\/#website\",\"url\":\"http:\\\/\\\/toposuranos.com\\\/material\\\/\",\"name\":\"toposuranos.com\\\/material\",\"description\":\"\",\"publisher\":{\"@id\":\"http:\\\/\\\/toposuranos.com\\\/material\\\/#organization\"},\"potentialAction\":[{\"@type\":\"SearchAction\",\"target\":{\"@type\":\"EntryPoint\",\"urlTemplate\":\"http:\\\/\\\/toposuranos.com\\\/material\\\/?s={search_term_string}\"},\"query-input\":{\"@type\":\"PropertyValueSpecification\",\"valueRequired\":true,\"valueName\":\"search_term_string\"}}],\"inLanguage\":\"es\"},{\"@type\":\"Organization\",\"@id\":\"http:\\\/\\\/toposuranos.com\\\/material\\\/#organization\",\"name\":\"toposuranos.com\\\/material\",\"url\":\"http:\\\/\\\/toposuranos.com\\\/material\\\/\",\"logo\":{\"@type\":\"ImageObject\",\"inLanguage\":\"es\",\"@id\":\"http:\\\/\\\/toposuranos.com\\\/material\\\/#\\\/schema\\\/logo\\\/image\\\/\",\"url\":\"http:\\\/\\\/toposuranos.com\\\/material\\\/wp-content\\\/uploads\\\/2023\\\/10\\\/logo.png\",\"contentUrl\":\"http:\\\/\\\/toposuranos.com\\\/material\\\/wp-content\\\/uploads\\\/2023\\\/10\\\/logo.png\",\"width\":2400,\"height\":2059,\"caption\":\"toposuranos.com\\\/material\"},\"image\":{\"@id\":\"http:\\\/\\\/toposuranos.com\\\/material\\\/#\\\/schema\\\/logo\\\/image\\\/\"},\"sameAs\":[\"https:\\\/\\\/www.facebook.com\\\/groups\\\/toposuranos\",\"https:\\\/\\\/x.com\\\/topuranos\",\"https:\\\/\\\/www.youtube.com\\\/channel\\\/UC16yDm12cPcrwsE0fAM7X1g\",\"https:\\\/\\\/www.linkedin.com\\\/company\\\/69429190\"]},{\"@type\":\"Person\",\"@id\":\"http:\\\/\\\/toposuranos.com\\\/material\\\/#\\\/schema\\\/person\\\/e15164361c3f9a2a02cf6c234cf7fdc1\",\"name\":\"giorgio.reveco\",\"image\":{\"@type\":\"ImageObject\",\"inLanguage\":\"es\",\"@id\":\"http:\\\/\\\/toposuranos.com\\\/material\\\/wp-content\\\/uploads\\\/2023\\\/10\\\/1694478625378-96x96.jpeg\",\"url\":\"http:\\\/\\\/toposuranos.com\\\/material\\\/wp-content\\\/uploads\\\/2023\\\/10\\\/1694478625378-96x96.jpeg\",\"contentUrl\":\"http:\\\/\\\/toposuranos.com\\\/material\\\/wp-content\\\/uploads\\\/2023\\\/10\\\/1694478625378-96x96.jpeg\",\"caption\":\"giorgio.reveco\"},\"description\":\"Soy Licenciado en F\u00edsica, Magister en Ingenier\u00eda Industrial y Docente Universitario. Me dedico a desmitificar la f\u00edsica y las matem\u00e1ticas. Mi objetivo es hacer que estos campos sean f\u00e1cilmente comprensibles para todos, proporcionando las herramientas para explorar no solo el mundo que nos rodea, sino tambi\u00e9n las profundidades de nuestra propia existencia y el orden natural que nos conecta con el cosmos.\",\"sameAs\":[\"http:\\\/\\\/toposuranos.com\\\/material\"],\"url\":\"http:\\\/\\\/toposuranos.com\\\/material\\\/author\\\/giorgio-reveco\\\/\"}]}<\/script>\n<!-- \/ Yoast SEO plugin. -->","yoast_head_json":{"title":"Cursos de Matem\u00e1tica y F\u00edsica - Topos Uranos","description":"Cursos de Matem\u00e1tica y F\u00edsica al alcance de todos, de nivel b\u00e1sico a universitario completamente gratis \u2b50\u2b50\u2b50\u2b50\u2b50","robots":{"index":"index","follow":"follow","max-snippet":"max-snippet:-1","max-image-preview":"max-image-preview:large","max-video-preview":"max-video-preview:-1"},"canonical":"http:\/\/toposuranos.com\/material\/es\/cursos-de-matematica-y-fisica\/","og_locale":"es_ES","og_type":"article","og_title":"CURSOS DE MATEM\u00c1TICA Y F\u00cdSICA","og_description":"Cursos de Matem\u00e1tica y F\u00edsica al alcance de todos, de nivel b\u00e1sico a universitario completamente gratis \u2b50\u2b50\u2b50\u2b50\u2b50","og_url":"http:\/\/toposuranos.com\/material\/es\/cursos-de-matematica-y-fisica\/","og_site_name":"toposuranos.com\/material","article_publisher":"https:\/\/www.facebook.com\/groups\/toposuranos","article_modified_time":"2025-07-29T06:06:20+00:00","twitter_card":"summary_large_image","twitter_title":"CURSOS DE MATEM\u00c1TICA Y F\u00cdSICA","twitter_description":"Cursos de Matem\u00e1tica y F\u00edsica al alcance de todos, de nivel b\u00e1sico a universitario completamente gratis \u2b50\u2b50\u2b50\u2b50\u2b50","twitter_image":"http:\/\/toposuranos.com\/material\/wp-content\/uploads\/2023\/10\/logo.png","twitter_site":"@topuranos","twitter_misc":{"Tiempo de lectura":"1 minuto"},"schema":{"@context":"https:\/\/schema.org","@graph":[{"@type":["Article","BlogPosting"],"@id":"http:\/\/toposuranos.com\/material\/es\/cursos-de-matematica-y-fisica\/#article","isPartOf":{"@id":"http:\/\/toposuranos.com\/material\/es\/cursos-de-matematica-y-fisica\/"},"author":{"name":"giorgio.reveco","@id":"http:\/\/toposuranos.com\/material\/#\/schema\/person\/e15164361c3f9a2a02cf6c234cf7fdc1"},"headline":"CURSOS DE MATEM\u00c1TICA Y F\u00cdSICA","datePublished":"2020-01-01T00:00:07+00:00","dateModified":"2025-07-29T06:06:20+00:00","mainEntityOfPage":{"@id":"http:\/\/toposuranos.com\/material\/es\/cursos-de-matematica-y-fisica\/"},"wordCount":189,"publisher":{"@id":"http:\/\/toposuranos.com\/material\/#organization"},"inLanguage":"es"},{"@type":"WebPage","@id":"http:\/\/toposuranos.com\/material\/es\/cursos-de-matematica-y-fisica\/","url":"http:\/\/toposuranos.com\/material\/es\/cursos-de-matematica-y-fisica\/","name":"Cursos de Matem\u00e1tica y F\u00edsica - Topos Uranos","isPartOf":{"@id":"http:\/\/toposuranos.com\/material\/#website"},"datePublished":"2020-01-01T00:00:07+00:00","dateModified":"2025-07-29T06:06:20+00:00","description":"Cursos de Matem\u00e1tica y F\u00edsica al alcance de todos, de nivel b\u00e1sico a universitario completamente gratis \u2b50\u2b50\u2b50\u2b50\u2b50","breadcrumb":{"@id":"http:\/\/toposuranos.com\/material\/es\/cursos-de-matematica-y-fisica\/#breadcrumb"},"inLanguage":"es","potentialAction":[{"@type":"ReadAction","target":["http:\/\/toposuranos.com\/material\/es\/cursos-de-matematica-y-fisica\/"]}]},{"@type":"BreadcrumbList","@id":"http:\/\/toposuranos.com\/material\/es\/cursos-de-matematica-y-fisica\/#breadcrumb","itemListElement":[{"@type":"ListItem","position":1,"name":"Portada","item":"http:\/\/toposuranos.com\/material\/es\/cursos-de-matematica-y-fisica\/"},{"@type":"ListItem","position":2,"name":"CURSOS DE MATEM\u00c1TICA Y F\u00cdSICA"}]},{"@type":"WebSite","@id":"http:\/\/toposuranos.com\/material\/#website","url":"http:\/\/toposuranos.com\/material\/","name":"toposuranos.com\/material","description":"","publisher":{"@id":"http:\/\/toposuranos.com\/material\/#organization"},"potentialAction":[{"@type":"SearchAction","target":{"@type":"EntryPoint","urlTemplate":"http:\/\/toposuranos.com\/material\/?s={search_term_string}"},"query-input":{"@type":"PropertyValueSpecification","valueRequired":true,"valueName":"search_term_string"}}],"inLanguage":"es"},{"@type":"Organization","@id":"http:\/\/toposuranos.com\/material\/#organization","name":"toposuranos.com\/material","url":"http:\/\/toposuranos.com\/material\/","logo":{"@type":"ImageObject","inLanguage":"es","@id":"http:\/\/toposuranos.com\/material\/#\/schema\/logo\/image\/","url":"http:\/\/toposuranos.com\/material\/wp-content\/uploads\/2023\/10\/logo.png","contentUrl":"http:\/\/toposuranos.com\/material\/wp-content\/uploads\/2023\/10\/logo.png","width":2400,"height":2059,"caption":"toposuranos.com\/material"},"image":{"@id":"http:\/\/toposuranos.com\/material\/#\/schema\/logo\/image\/"},"sameAs":["https:\/\/www.facebook.com\/groups\/toposuranos","https:\/\/x.com\/topuranos","https:\/\/www.youtube.com\/channel\/UC16yDm12cPcrwsE0fAM7X1g","https:\/\/www.linkedin.com\/company\/69429190"]},{"@type":"Person","@id":"http:\/\/toposuranos.com\/material\/#\/schema\/person\/e15164361c3f9a2a02cf6c234cf7fdc1","name":"giorgio.reveco","image":{"@type":"ImageObject","inLanguage":"es","@id":"http:\/\/toposuranos.com\/material\/wp-content\/uploads\/2023\/10\/1694478625378-96x96.jpeg","url":"http:\/\/toposuranos.com\/material\/wp-content\/uploads\/2023\/10\/1694478625378-96x96.jpeg","contentUrl":"http:\/\/toposuranos.com\/material\/wp-content\/uploads\/2023\/10\/1694478625378-96x96.jpeg","caption":"giorgio.reveco"},"description":"Soy Licenciado en F\u00edsica, Magister en Ingenier\u00eda Industrial y Docente Universitario. Me dedico a desmitificar la f\u00edsica y las matem\u00e1ticas. Mi objetivo es hacer que estos campos sean f\u00e1cilmente comprensibles para todos, proporcionando las herramientas para explorar no solo el mundo que nos rodea, sino tambi\u00e9n las profundidades de nuestra propia existencia y el orden natural que nos conecta con el cosmos.","sameAs":["http:\/\/toposuranos.com\/material"],"url":"http:\/\/toposuranos.com\/material\/author\/giorgio-reveco\/"}]}},"_links":{"self":[{"href":"http:\/\/toposuranos.com\/material\/wp-json\/wp\/v2\/pages\/13731","targetHints":{"allow":["GET"]}}],"collection":[{"href":"http:\/\/toposuranos.com\/material\/wp-json\/wp\/v2\/pages"}],"about":[{"href":"http:\/\/toposuranos.com\/material\/wp-json\/wp\/v2\/types\/page"}],"author":[{"embeddable":true,"href":"http:\/\/toposuranos.com\/material\/wp-json\/wp\/v2\/users\/1"}],"replies":[{"embeddable":true,"href":"http:\/\/toposuranos.com\/material\/wp-json\/wp\/v2\/comments?post=13731"}],"version-history":[{"count":0,"href":"http:\/\/toposuranos.com\/material\/wp-json\/wp\/v2\/pages\/13731\/revisions"}],"wp:attachment":[{"href":"http:\/\/toposuranos.com\/material\/wp-json\/wp\/v2\/media?parent=13731"}],"curies":[{"name":"wp","href":"https:\/\/api.w.org\/{rel}","templated":true}]}}